{"id":861,"date":"2026-01-23T09:51:32","date_gmt":"2026-01-23T08:51:32","guid":{"rendered":"https:\/\/www.iproyn.es\/?page_id=861"},"modified":"2026-01-23T09:51:32","modified_gmt":"2026-01-23T08:51:32","slug":"energy-control-3","status":"publish","type":"page","link":"https:\/\/www.iproyn.es\/en\/energy-control-3\/","title":{"rendered":"Energy control"},"content":{"rendered":"\n<div class=\"wp-block-group alignfull page-hero has-bg-20-background-color has-background has-global-padding is-layout-constrained wp-block-group-is-layout-constrained\">\n<div class=\"wp-block-columns is-layout-flex wp-container-core-columns-is-layout-28f84493 wp-block-columns-is-layout-flex\">\n<div class=\"wp-block-column is-layout-flow wp-block-column-is-layout-flow\" style=\"flex-basis:700px\">\n<div class=\"wp-block-group has-global-padding is-content-justification-left is-layout-constrained wp-container-core-group-is-layout-672abc19 wp-block-group-is-layout-constrained\">\n<h1 class=\"wp-block-heading\">Control de <mark style=\"background-color:rgba(0, 0, 0, 0)\" class=\"has-inline-color has-blue-60-color\">calidad <\/mark>estructural<\/h1>\n\n\n\n<p class=\"has-l-font-size\"><strong>Entidad de Control de la Edificaci\u00f3n acreditada por el Ministerio de Vivienda<\/strong><\/p>\n\n\n\n<p class=\"has-l-font-size\"><em>Verificaci\u00f3n t\u00e9cnica de materiales y sistemas estructurales conforme a normativa<\/em><\/p>\n\n\n\n<div class=\"wp-block-buttons is-layout-flex wp-block-buttons-is-layout-flex\">\n<div class=\"wp-block-button\"><a class=\"wp-block-button__link wp-element-button\" href=\"https:\/\/www.iproyn.es\/en\/contact-us\/\">Contact us<\/a><\/div>\n<\/div>\n<\/div>\n<\/div>\n\n\n\n<div class=\"wp-block-column is-layout-flow wp-block-column-is-layout-flow\" style=\"flex-basis:430px\">\n<figure class=\"wp-block-image size-full\"><img decoding=\"async\" width=\"1536\" height=\"1024\" src=\"https:\/\/www.iproyn.es\/wp-content\/uploads\/2026\/01\/ChatGPT-Image-20-ene-2026-13_42_42-2.png\" alt=\"\" class=\"wp-image-829\" style=\"aspect-ratio:1;object-fit:cover\" srcset=\"https:\/\/www.iproyn.es\/wp-content\/uploads\/2026\/01\/ChatGPT-Image-20-ene-2026-13_42_42-2.png 1536w, https:\/\/www.iproyn.es\/wp-content\/uploads\/2026\/01\/ChatGPT-Image-20-ene-2026-13_42_42-2-300x200.png 300w, https:\/\/www.iproyn.es\/wp-content\/uploads\/2026\/01\/ChatGPT-Image-20-ene-2026-13_42_42-2-1024x683.png 1024w, https:\/\/www.iproyn.es\/wp-content\/uploads\/2026\/01\/ChatGPT-Image-20-ene-2026-13_42_42-2-768x512.png 768w\" sizes=\"(max-width: 1536px) 100vw, 1536px\" \/><\/figure>\n<\/div>\n<\/div>\n<\/div>\n\n<div class=\"wp-block-group has-global-padding is-layout-constrained wp-container-core-group-is-layout-749489e9 wp-block-group-is-layout-constrained\">\n<h3 class=\"wp-block-heading has-l-font-size\"> \u00bfCu\u00e1ndo es obligatorio contratar este servicio?<\/h3>\n\n\n\n<p class=\"has-ml-font-size\">El control de calidad estructural es obligatorio en proyectos de edificaci\u00f3n para garantizar que los materiales y sistemas estructurales empleados cumplen con las exigencias del proyecto y la normativa vigente.<\/p>\n\n\n\n<p class=\"has-ml-font-size\">Este control es especialmente relevante en obras de nueva construcci\u00f3n, grandes rehabilitaciones y promociones donde se exige una verificaci\u00f3n independiente de la calidad estructural.<\/p>\n\n\n\n<hr class=\"wp-block-separator has-alpha-channel-opacity\"\/>\n\n\n\n<h3 class=\"wp-block-heading\">\u00bfQu\u00e9 hacemos como Entidad de Control?<\/h3>\n\n\n\n<p class=\"has-ml-font-size\">En iProyn actuamos como <strong>Entidad de Control en Eficiencia Energ\u00e9tica<\/strong>, En iProyn actuamos como Entidad de Control de Calidad Estructural, realizando la supervisi\u00f3n t\u00e9cnica de los elementos estructurales durante la ejecuci\u00f3n de la obra, conforme a lo establecido en el C\u00f3digo T\u00e9cnico de la Edificaci\u00f3n (CTE) y normativa aplicable.<\/p>\n\n\n\n<p class=\"has-ml-font-size\">Nuestra intervenci\u00f3n garantiza que los materiales y procesos constructivos se ajustan a lo proyectado y a los est\u00e1ndares de seguridad exigidos.<\/p>\n\n\n\n<hr class=\"wp-block-separator has-alpha-channel-opacity\"\/>\n\n\n\n<h3 class=\"wp-block-heading\">\u00bfQu\u00e9 verificamos?<\/h3>\n\n\n\n<ul class=\"wp-block-list\">\n<li class=\"has-ml-font-size\">La calidad del hormig\u00f3n, acero y otros materiales estructurales<\/li>\n\n\n\n<li class=\"has-ml-font-size\">La correcta toma de muestras y realizaci\u00f3n de ensayos de control<\/li>\n\n\n\n<li class=\"has-ml-font-size\">La ejecuci\u00f3n conforme a proyecto de elementos estructurales<\/li>\n\n\n\n<li class=\"has-ml-font-size\">La trazabilidad y coherencia entre proyecto, obra ejecutada y resultados de ensayo<\/li>\n<\/ul>\n\n\n\n<hr class=\"wp-block-separator has-alpha-channel-opacity\"\/>\n\n\n\n<h3 class=\"wp-block-heading\">\u00bfPor qu\u00e9 es importante este control?<\/h3>\n\n\n\n<p class=\"has-ml-font-size\">Un control estructural adecuado permite:<\/p>\n\n\n\n<ul class=\"wp-block-list\">\n<li class=\"has-ml-font-size\">Garantizar la seguridad y estabilidad del edificio<\/li>\n\n\n\n<li class=\"has-ml-font-size\">Detectar desviaciones antes de que se conviertan en problemas graves<\/li>\n\n\n\n<li class=\"has-ml-font-size\">Cumplir con los requisitos t\u00e9cnicos y legales del CTE<\/li>\n<\/ul>\n\n\n\n<hr class=\"wp-block-separator has-alpha-channel-opacity\"\/>\n\n\n\n<h3 class=\"wp-block-heading\">\u00bfQu\u00e9 tipo de obras necesitan este control?<\/h3>\n\n\n\n<ul class=\"wp-block-list\">\n<li class=\"has-ml-font-size\">Viviendas unifamiliares y plurifamiliares<\/li>\n\n\n\n<li class=\"has-ml-font-size\">Promociones residenciales y edificios terciarios<\/li>\n\n\n\n<li class=\"has-ml-font-size\">Obras de rehabilitaci\u00f3n estructural<\/li>\n\n\n\n<li class=\"has-ml-font-size\">Proyectos p\u00fablicos y privados con exigencias de control estructural<\/li>\n<\/ul>\n\n\n\n<hr class=\"wp-block-separator has-alpha-channel-opacity\"\/>\n\n\n\n<h3 class=\"wp-block-heading\">\u00bfQu\u00e9 aporta iProyn?<\/h3>\n\n\n\n<ul class=\"wp-block-list\">\n<li class=\"has-ml-font-size\">Supervisi\u00f3n t\u00e9cnica independiente y objetiva<\/li>\n\n\n\n<li class=\"has-ml-font-size\">Experiencia en control de calidad estructural en edificaci\u00f3n<\/li>\n\n\n\n<li class=\"has-ml-font-size\">Seguimiento y verificaci\u00f3n conforme a normativa vigente<\/li>\n\n\n\n<li class=\"has-ml-font-size\">Informes t\u00e9cnicos claros y v\u00e1lidos para la direcci\u00f3n de obra<\/li>\n<\/ul>\n<\/div>\n\n<div class=\"wp-block-group alignfull has-background has-global-padding is-layout-constrained wp-container-core-group-is-layout-447ce038 wp-block-group-is-layout-constrained\" style=\"background-color:#f9f9f9\">\n<div class=\"wp-block-group has-global-padding is-layout-constrained wp-container-core-group-is-layout-1532e64c wp-block-group-is-layout-constrained\">\n<h2 class=\"wp-block-heading has-text-align-center\">Casos de <mark style=\"background-color:rgba(0, 0, 0, 0)\" class=\"has-inline-color has-default-high-color\">\u00e9xito<\/mark><\/h2>\n<\/div>\n\n\n\n<div class=\"wp-block-group has-global-padding is-layout-constrained wp-block-group-is-layout-constrained\">\n<div class=\"wp-block-query is-layout-flow wp-block-query-is-layout-flow\"><ul class=\"columns-3 wp-block-post-template is-layout-grid wp-container-core-post-template-is-layout-14bc0c8a wp-block-post-template-is-layout-grid\"><li class=\"wp-block-post post-460 project type-project status-publish has-post-thumbnail hentry type-energy-control type-house-en type-housing type-passive-en type-passivhaus-en\">\n\n<div class=\"wp-block-group a-link has-bg-20-background-color has-background has-global-padding is-layout-constrained wp-container-core-group-is-layout-e555385e wp-block-group-is-layout-constrained\" style=\"border-radius:48px;min-height:300px\"><figure style=\"height:180px;\" class=\"wp-block-post-featured-image\"><a href=\"https:\/\/www.iproyn.es\/en\/project\/building-control-entity\/\" target=\"_self\"  style=\"height:180px\"><img decoding=\"async\" width=\"2560\" height=\"1435\" src=\"https:\/\/www.iproyn.es\/wp-content\/uploads\/2025\/03\/CE1-scaled.jpeg\" class=\"attachment-post-thumbnail size-post-thumbnail wp-post-image\" alt=\"Building Control Entity\" style=\"border-top-left-radius:48px;border-top-right-radius:48px;height:180px;object-fit:cover;\" srcset=\"https:\/\/www.iproyn.es\/wp-content\/uploads\/2025\/03\/CE1-scaled.jpeg 2560w, https:\/\/www.iproyn.es\/wp-content\/uploads\/2025\/03\/CE1-300x168.jpeg 300w, https:\/\/www.iproyn.es\/wp-content\/uploads\/2025\/03\/CE1-1024x574.jpeg 1024w, https:\/\/www.iproyn.es\/wp-content\/uploads\/2025\/03\/CE1-768x430.jpeg 768w, https:\/\/www.iproyn.es\/wp-content\/uploads\/2025\/03\/CE1-1536x861.jpeg 1536w, https:\/\/www.iproyn.es\/wp-content\/uploads\/2025\/03\/CE1-2048x1148.jpeg 2048w\" sizes=\"(max-width: 2560px) 100vw, 2560px\" \/><\/a><\/figure>\n\n<h3 style=\"padding-top:0px;padding-bottom:34px;padding-right:16px;padding-left:16px;margin-top:24px;\" class=\"has-text-align-left has-link-color wp-elements-40ed9d45c07a67ef17ba2d6828a4f2cb wp-block-post-title has-text-color has-default-title-color\"><a href=\"https:\/\/www.iproyn.es\/en\/project\/building-control-entity\/\" target=\"_self\" >Building Control Entity<\/a><\/h3><\/div>\n\n<\/li><li class=\"wp-block-post post-475 project type-project status-publish has-post-thumbnail hentry type-eco-en type-energy-control type-house-en type-housing type-passive-en type-passivhaus-en\">\n\n<div class=\"wp-block-group a-link has-bg-20-background-color has-background has-global-padding is-layout-constrained wp-container-core-group-is-layout-e555385e wp-block-group-is-layout-constrained\" style=\"border-radius:48px;min-height:300px\"><figure style=\"height:180px;\" class=\"wp-block-post-featured-image\"><a href=\"https:\/\/www.iproyn.es\/en\/project\/passivhaus\/\" target=\"_self\"  style=\"height:180px\"><img decoding=\"async\" width=\"2000\" height=\"1334\" src=\"https:\/\/www.iproyn.es\/wp-content\/uploads\/2025\/03\/2000_5ce5393ddcc97.webp\" class=\"attachment-post-thumbnail size-post-thumbnail wp-post-image\" alt=\"Passivhaus\" style=\"border-top-left-radius:48px;border-top-right-radius:48px;height:180px;object-fit:cover;\" \/><\/a><\/figure>\n\n<h3 style=\"padding-top:0px;padding-bottom:34px;padding-right:16px;padding-left:16px;margin-top:24px;\" class=\"has-text-align-left has-link-color wp-elements-40ed9d45c07a67ef17ba2d6828a4f2cb wp-block-post-title has-text-color has-default-title-color\"><a href=\"https:\/\/www.iproyn.es\/en\/project\/passivhaus\/\" target=\"_self\" >Passivhaus<\/a><\/h3><\/div>\n\n<\/li><li class=\"wp-block-post post-476 project type-project status-publish has-post-thumbnail hentry type-energy-control type-energy-efficiency type-facade type-insulation type-sate-en\">\n\n<div class=\"wp-block-group a-link has-bg-20-background-color has-background has-global-padding is-layout-constrained wp-container-core-group-is-layout-e555385e wp-block-group-is-layout-constrained\" style=\"border-radius:48px;min-height:300px\"><figure style=\"height:180px;\" class=\"wp-block-post-featured-image\"><a href=\"https:\/\/www.iproyn.es\/en\/project\/sate-insulation-for-facades\/\" target=\"_self\"  style=\"height:180px\"><img decoding=\"async\" width=\"430\" height=\"343\" src=\"https:\/\/www.iproyn.es\/wp-content\/uploads\/2025\/03\/2000_crop_5f78d3bff2aef_5f78d043e1a29.webp\" class=\"attachment-post-thumbnail size-post-thumbnail wp-post-image\" alt=\"SATE Insulation for fa\u00e7ades\" style=\"border-top-left-radius:48px;border-top-right-radius:48px;height:180px;object-fit:cover;\" \/><\/a><\/figure>\n\n<h3 style=\"padding-top:0px;padding-bottom:34px;padding-right:16px;padding-left:16px;margin-top:24px;\" class=\"has-text-align-left has-link-color wp-elements-40ed9d45c07a67ef17ba2d6828a4f2cb wp-block-post-title has-text-color has-default-title-color\"><a href=\"https:\/\/www.iproyn.es\/en\/project\/sate-insulation-for-facades\/\" target=\"_self\" >SATE Insulation for fa\u00e7ades<\/a><\/h3><\/div>\n\n<\/li><\/ul>\n\n<\/div>\n<\/div>\n<\/div>\n","protected":false},"excerpt":{"rendered":"<p>Control de calidad estructural Entidad de Control de la Edificaci\u00f3n acreditada por el Ministerio de Vivienda Verificaci\u00f3n t\u00e9cnica de materiales y sistemas estructurales conforme a normativa \u00bfCu\u00e1ndo es obligatorio contratar este servicio? El control de calidad estructural es obligatorio en proyectos de edificaci\u00f3n para garantizar que los materiales y sistemas estructurales empleados cumplen con las [&hellip;]<\/p>\n","protected":false},"author":5,"featured_media":0,"parent":0,"menu_order":0,"comment_status":"closed","ping_status":"closed","template":"","meta":{"inline_featured_image":false,"_joinchat":[],"footnotes":""},"class_list":["post-861","page","type-page","status-publish","hentry"],"_links":{"self":[{"href":"https:\/\/www.iproyn.es\/en\/wp-json\/wp\/v2\/pages\/861","targetHints":{"allow":["GET"]}}],"collection":[{"href":"https:\/\/www.iproyn.es\/en\/wp-json\/wp\/v2\/pages"}],"about":[{"href":"https:\/\/www.iproyn.es\/en\/wp-json\/wp\/v2\/types\/page"}],"author":[{"embeddable":true,"href":"https:\/\/www.iproyn.es\/en\/wp-json\/wp\/v2\/users\/5"}],"replies":[{"embeddable":true,"href":"https:\/\/www.iproyn.es\/en\/wp-json\/wp\/v2\/comments?post=861"}],"version-history":[{"count":2,"href":"https:\/\/www.iproyn.es\/en\/wp-json\/wp\/v2\/pages\/861\/revisions"}],"predecessor-version":[{"id":870,"href":"https:\/\/www.iproyn.es\/en\/wp-json\/wp\/v2\/pages\/861\/revisions\/870"}],"wp:attachment":[{"href":"https:\/\/www.iproyn.es\/en\/wp-json\/wp\/v2\/media?parent=861"}],"curies":[{"name":"wp","href":"https:\/\/api.w.org\/{rel}","templated":true}]}}