{"id":814,"date":"2026-01-05T18:25:06","date_gmt":"2026-01-05T17:25:06","guid":{"rendered":"https:\/\/www.iproyn.es\/?page_id=814"},"modified":"2026-01-05T18:25:06","modified_gmt":"2026-01-05T17:25:06","slug":"energy-control-2","status":"publish","type":"page","link":"https:\/\/www.iproyn.es\/en\/energy-control-2\/","title":{"rendered":"Energy control"},"content":{"rendered":"\n<div class=\"wp-block-group alignfull page-hero has-bg-20-background-color has-background has-global-padding is-layout-constrained wp-block-group-is-layout-constrained\">\n<div class=\"wp-block-columns is-layout-flex wp-container-core-columns-is-layout-28f84493 wp-block-columns-is-layout-flex\">\n<div class=\"wp-block-column is-layout-flow wp-block-column-is-layout-flow\" style=\"flex-basis:700px\">\n<div class=\"wp-block-group has-global-padding is-content-justification-left is-layout-constrained wp-container-core-group-is-layout-672abc19 wp-block-group-is-layout-constrained\">\n<h1 class=\"wp-block-heading\">Control <mark style=\"background-color:rgba(0, 0, 0, 0)\" class=\"has-inline-color has-default-high-color\">energ\u00e9tico<\/mark> de obra nueva y rehabilitaci\u00f3n<\/h1>\n\n\n\n<p class=\"has-l-font-size\"><strong>Entidad de Control de la Edificaci\u00f3n acreditada por el Ministerio de Vivienda<\/strong><br\/><em>Cumpliendo el RD 410\/2007 y acreditaci\u00f3n ISO 17020<\/em><\/p>\n\n\n\n<div class=\"wp-block-buttons is-layout-flex wp-block-buttons-is-layout-flex\">\n<div class=\"wp-block-button\"><a class=\"wp-block-button__link wp-element-button\" href=\"https:\/\/www.iproyn.es\/en\/contact-us\/\">Contact us<\/a><\/div>\n<\/div>\n<\/div>\n<\/div>\n\n\n\n<div class=\"wp-block-column is-layout-flow wp-block-column-is-layout-flow\" style=\"flex-basis:430px\">\n<figure class=\"wp-block-image size-full\"><img decoding=\"async\" width=\"2560\" height=\"1435\" src=\"https:\/\/www.iproyn.es\/wp-content\/uploads\/2025\/04\/Control-Energetico-scaled.jpeg\" alt=\"\" class=\"wp-image-566\" style=\"aspect-ratio:1;object-fit:cover\" srcset=\"https:\/\/www.iproyn.es\/wp-content\/uploads\/2025\/04\/Control-Energetico-scaled.jpeg 2560w, https:\/\/www.iproyn.es\/wp-content\/uploads\/2025\/04\/Control-Energetico-300x168.jpeg 300w, https:\/\/www.iproyn.es\/wp-content\/uploads\/2025\/04\/Control-Energetico-1024x574.jpeg 1024w, https:\/\/www.iproyn.es\/wp-content\/uploads\/2025\/04\/Control-Energetico-768x430.jpeg 768w, https:\/\/www.iproyn.es\/wp-content\/uploads\/2025\/04\/Control-Energetico-1536x861.jpeg 1536w, https:\/\/www.iproyn.es\/wp-content\/uploads\/2025\/04\/Control-Energetico-2048x1148.jpeg 2048w\" sizes=\"(max-width: 2560px) 100vw, 2560px\" \/><\/figure>\n<\/div>\n<\/div>\n<\/div>\n\n<div class=\"wp-block-group has-global-padding is-layout-constrained wp-container-core-group-is-layout-749489e9 wp-block-group-is-layout-constrained\">\n<h3 class=\"wp-block-heading has-l-font-size\"> \u00bfCu\u00e1ndo es obligatorio contratar este servicio?<\/h3>\n\n\n\n<p class=\"has-ml-font-size\">Seg\u00fan la <strong>Orden 1\/2011<\/strong>, todo edificio de nueva construcci\u00f3n que obtenga en su fase de proyecto una <strong>calificaci\u00f3n energ\u00e9tica entre A y C<\/strong> debe contratar los servicios de una <strong>Entidad de Control de Calidad externa<\/strong>.<\/p>\n\n\n\n<hr class=\"wp-block-separator has-alpha-channel-opacity\"\/>\n\n\n\n<h3 class=\"wp-block-heading\">\u00bfQu\u00e9 hacemos como Entidad de Control?<\/h3>\n\n\n\n<p class=\"has-ml-font-size\">En iProyn actuamos como <strong>Entidad de Control en Eficiencia Energ\u00e9tica<\/strong>, cumpliendo los requisitos establecidos en:<\/p>\n\n\n\n<ul class=\"wp-block-list\">\n<li class=\"has-ml-font-size\"><strong>Real Decreto 410\/2007<\/strong><\/li>\n\n\n\n<li class=\"has-ml-font-size\"><strong>Norma UNE-EN ISO 17020<\/strong><\/li>\n<\/ul>\n\n\n\n<p class=\"has-ml-font-size\">Estamos acreditados para realizar <strong>la inspecci\u00f3n t\u00e9cnica durante la ejecuci\u00f3n de la obra<\/strong>, verificando el cumplimiento del <strong>Documento B\u00e1sico HE (Ahorro de Energ\u00eda)<\/strong> del <strong>C\u00f3digo T\u00e9cnico de la Edificaci\u00f3n (CTE)<\/strong>.<\/p>\n\n\n\n<hr class=\"wp-block-separator has-alpha-channel-opacity\"\/>\n\n\n\n<h3 class=\"wp-block-heading\">\u00bfQu\u00e9 verificamos?<\/h3>\n\n\n\n<ul class=\"wp-block-list\">\n<li class=\"has-ml-font-size\">Que las <strong>medidas energ\u00e9ticas proyectadas<\/strong> se ejecutan correctamente<\/li>\n\n\n\n<li class=\"has-ml-font-size\">El cumplimiento real de los par\u00e1metros definidos en el <strong>proyecto de obra<\/strong><\/li>\n\n\n\n<li class=\"has-ml-font-size\">El nivel de aislamiento, equipos t\u00e9rmicos, ventilaci\u00f3n y eficiencia global<\/li>\n\n\n\n<li class=\"has-ml-font-size\">La <strong>coherencia entre proyecto, obra ejecutada y calificaci\u00f3n energ\u00e9tica prevista<\/strong><\/li>\n<\/ul>\n\n\n\n<hr class=\"wp-block-separator has-alpha-channel-opacity\"\/>\n\n\n\n<h3 class=\"wp-block-heading\">\u00bfPor qu\u00e9 es importante este control?<\/h3>\n\n\n\n<p class=\"has-ml-font-size\">Desde la publicaci\u00f3n de la <strong>Orden FOM\/1635\/2013<\/strong>, los <strong>requisitos del Documento HE<\/strong> son m\u00e1s exigentes. Esto significa:<\/p>\n\n\n\n<ul class=\"wp-block-list\">\n<li class=\"has-ml-font-size\">M\u00e1s control sobre <strong>la calidad de la ejecuci\u00f3n energ\u00e9tica<\/strong><\/li>\n\n\n\n<li class=\"has-ml-font-size\">Mayor necesidad de tener una <strong>verificaci\u00f3n t\u00e9cnica independiente<\/strong><\/li>\n\n\n\n<li class=\"has-ml-font-size\">Mejores calificaciones energ\u00e9ticas \u2192 <strong>mayor valor del edificio<\/strong> y cumplimiento legal<\/li>\n<\/ul>\n\n\n\n<hr class=\"wp-block-separator has-alpha-channel-opacity\"\/>\n\n\n\n<h3 class=\"wp-block-heading\">\u00bfQu\u00e9 tipo de obras necesitan este control?<\/h3>\n\n\n\n<ul class=\"wp-block-list\">\n<li class=\"has-ml-font-size\">Viviendas unifamiliares y plurifamiliares de obra nueva<\/li>\n\n\n\n<li class=\"has-ml-font-size\">Promociones residenciales<\/li>\n\n\n\n<li class=\"has-ml-font-size\">Edificios de uso terciario<\/li>\n\n\n\n<li class=\"has-ml-font-size\">Rehabilitaciones integrales o grandes reformas energ\u00e9ticas<\/li>\n<\/ul>\n\n\n\n<hr class=\"wp-block-separator has-alpha-channel-opacity\"\/>\n\n\n\n<h3 class=\"wp-block-heading\">\u00bfQu\u00e9 aporta iProyn?<\/h3>\n\n\n\n<ul class=\"wp-block-list\">\n<li class=\"has-ml-font-size\">Experiencia t\u00e9cnica en inspecci\u00f3n y control energ\u00e9tico<\/li>\n\n\n\n<li class=\"has-ml-font-size\">Acreditaci\u00f3n oficial como Entidad de Control<\/li>\n\n\n\n<li class=\"has-ml-font-size\">Independencia y objetividad en la verificaci\u00f3n<\/li>\n\n\n\n<li class=\"has-ml-font-size\">Informes y seguimiento t\u00e9cnico ajustado a la normativa vigente<\/li>\n<\/ul>\n\n\n\n<hr class=\"wp-block-separator has-alpha-channel-opacity\"\/>\n\n\n\n<h3 class=\"wp-block-heading\"> \u00bfTienes un edificio proyectado con calificaci\u00f3n A, B o C?<\/h3>\n\n\n\n<p class=\"has-ml-font-size\">\ud83d\udd39 Nosotros realizamos la <strong>verificaci\u00f3n energ\u00e9tica durante la ejecuci\u00f3n<\/strong><br\/>\ud83d\udd39 Te garantizamos que se cumplen todos los par\u00e1metros del proyecto<br\/>\ud83d\udd39 Y ayudamos a asegurar la calificaci\u00f3n energ\u00e9tica prevista<\/p>\n<\/div>\n\n<div class=\"wp-block-group alignfull has-background has-global-padding is-layout-constrained wp-container-core-group-is-layout-447ce038 wp-block-group-is-layout-constrained\" style=\"background-color:#f9f9f9\">\n<div class=\"wp-block-group has-global-padding is-layout-constrained wp-container-core-group-is-layout-1532e64c wp-block-group-is-layout-constrained\">\n<h2 class=\"wp-block-heading has-text-align-center\">Casos de <mark style=\"background-color:rgba(0, 0, 0, 0)\" class=\"has-inline-color has-default-high-color\">\u00e9xito<\/mark><\/h2>\n<\/div>\n\n\n\n<div class=\"wp-block-group has-global-padding is-layout-constrained wp-block-group-is-layout-constrained\">\n<div class=\"wp-block-query is-layout-flow wp-block-query-is-layout-flow\"><ul class=\"columns-3 wp-block-post-template is-layout-grid wp-container-core-post-template-is-layout-14bc0c8a wp-block-post-template-is-layout-grid\"><li class=\"wp-block-post post-460 project type-project status-publish has-post-thumbnail hentry type-energy-control type-house-en type-housing type-passive-en type-passivhaus-en\">\n\n<div class=\"wp-block-group a-link has-bg-20-background-color has-background has-global-padding is-layout-constrained wp-container-core-group-is-layout-e555385e wp-block-group-is-layout-constrained\" style=\"border-radius:48px;min-height:300px\"><figure style=\"height:180px;\" class=\"wp-block-post-featured-image\"><a href=\"https:\/\/www.iproyn.es\/en\/project\/building-control-entity\/\" target=\"_self\"  style=\"height:180px\"><img decoding=\"async\" width=\"2560\" height=\"1435\" src=\"https:\/\/www.iproyn.es\/wp-content\/uploads\/2025\/03\/CE1-scaled.jpeg\" class=\"attachment-post-thumbnail size-post-thumbnail wp-post-image\" alt=\"Building Control Entity\" style=\"border-top-left-radius:48px;border-top-right-radius:48px;height:180px;object-fit:cover;\" srcset=\"https:\/\/www.iproyn.es\/wp-content\/uploads\/2025\/03\/CE1-scaled.jpeg 2560w, https:\/\/www.iproyn.es\/wp-content\/uploads\/2025\/03\/CE1-300x168.jpeg 300w, https:\/\/www.iproyn.es\/wp-content\/uploads\/2025\/03\/CE1-1024x574.jpeg 1024w, https:\/\/www.iproyn.es\/wp-content\/uploads\/2025\/03\/CE1-768x430.jpeg 768w, https:\/\/www.iproyn.es\/wp-content\/uploads\/2025\/03\/CE1-1536x861.jpeg 1536w, https:\/\/www.iproyn.es\/wp-content\/uploads\/2025\/03\/CE1-2048x1148.jpeg 2048w\" sizes=\"(max-width: 2560px) 100vw, 2560px\" \/><\/a><\/figure>\n\n<h3 style=\"padding-top:0px;padding-bottom:34px;padding-right:16px;padding-left:16px;margin-top:24px;\" class=\"has-text-align-left has-link-color wp-elements-40ed9d45c07a67ef17ba2d6828a4f2cb wp-block-post-title has-text-color has-default-title-color\"><a href=\"https:\/\/www.iproyn.es\/en\/project\/building-control-entity\/\" target=\"_self\" >Building Control Entity<\/a><\/h3><\/div>\n\n<\/li><li class=\"wp-block-post post-475 project type-project status-publish has-post-thumbnail hentry type-eco-en type-energy-control type-house-en type-housing type-passive-en type-passivhaus-en\">\n\n<div class=\"wp-block-group a-link has-bg-20-background-color has-background has-global-padding is-layout-constrained wp-container-core-group-is-layout-e555385e wp-block-group-is-layout-constrained\" style=\"border-radius:48px;min-height:300px\"><figure style=\"height:180px;\" class=\"wp-block-post-featured-image\"><a href=\"https:\/\/www.iproyn.es\/en\/project\/passivhaus\/\" target=\"_self\"  style=\"height:180px\"><img decoding=\"async\" width=\"2000\" height=\"1334\" src=\"https:\/\/www.iproyn.es\/wp-content\/uploads\/2025\/03\/2000_5ce5393ddcc97.webp\" class=\"attachment-post-thumbnail size-post-thumbnail wp-post-image\" alt=\"Passivhaus\" style=\"border-top-left-radius:48px;border-top-right-radius:48px;height:180px;object-fit:cover;\" \/><\/a><\/figure>\n\n<h3 style=\"padding-top:0px;padding-bottom:34px;padding-right:16px;padding-left:16px;margin-top:24px;\" class=\"has-text-align-left has-link-color wp-elements-40ed9d45c07a67ef17ba2d6828a4f2cb wp-block-post-title has-text-color has-default-title-color\"><a href=\"https:\/\/www.iproyn.es\/en\/project\/passivhaus\/\" target=\"_self\" >Passivhaus<\/a><\/h3><\/div>\n\n<\/li><li class=\"wp-block-post post-476 project type-project status-publish has-post-thumbnail hentry type-energy-control type-energy-efficiency type-facade type-insulation type-sate-en\">\n\n<div class=\"wp-block-group a-link has-bg-20-background-color has-background has-global-padding is-layout-constrained wp-container-core-group-is-layout-e555385e wp-block-group-is-layout-constrained\" style=\"border-radius:48px;min-height:300px\"><figure style=\"height:180px;\" class=\"wp-block-post-featured-image\"><a href=\"https:\/\/www.iproyn.es\/en\/project\/sate-insulation-for-facades\/\" target=\"_self\"  style=\"height:180px\"><img decoding=\"async\" width=\"430\" height=\"343\" src=\"https:\/\/www.iproyn.es\/wp-content\/uploads\/2025\/03\/2000_crop_5f78d3bff2aef_5f78d043e1a29.webp\" class=\"attachment-post-thumbnail size-post-thumbnail wp-post-image\" alt=\"SATE Insulation for fa\u00e7ades\" style=\"border-top-left-radius:48px;border-top-right-radius:48px;height:180px;object-fit:cover;\" \/><\/a><\/figure>\n\n<h3 style=\"padding-top:0px;padding-bottom:34px;padding-right:16px;padding-left:16px;margin-top:24px;\" class=\"has-text-align-left has-link-color wp-elements-40ed9d45c07a67ef17ba2d6828a4f2cb wp-block-post-title has-text-color has-default-title-color\"><a href=\"https:\/\/www.iproyn.es\/en\/project\/sate-insulation-for-facades\/\" target=\"_self\" >SATE Insulation for fa\u00e7ades<\/a><\/h3><\/div>\n\n<\/li><\/ul>\n\n<\/div>\n<\/div>\n<\/div>\n","protected":false},"excerpt":{"rendered":"<p>Control energ\u00e9tico de obra nueva y rehabilitaci\u00f3n Entidad de Control de la Edificaci\u00f3n acreditada por el Ministerio de ViviendaCumpliendo el RD 410\/2007 y acreditaci\u00f3n ISO 17020 \u00bfCu\u00e1ndo es obligatorio contratar este servicio? Seg\u00fan la Orden 1\/2011, todo edificio de nueva construcci\u00f3n que obtenga en su fase de proyecto una calificaci\u00f3n energ\u00e9tica entre A y C [&hellip;]<\/p>\n","protected":false},"author":5,"featured_media":0,"parent":0,"menu_order":0,"comment_status":"closed","ping_status":"closed","template":"","meta":{"inline_featured_image":false,"_joinchat":[],"footnotes":""},"class_list":["post-814","page","type-page","status-publish","hentry"],"_links":{"self":[{"href":"https:\/\/www.iproyn.es\/en\/wp-json\/wp\/v2\/pages\/814","targetHints":{"allow":["GET"]}}],"collection":[{"href":"https:\/\/www.iproyn.es\/en\/wp-json\/wp\/v2\/pages"}],"about":[{"href":"https:\/\/www.iproyn.es\/en\/wp-json\/wp\/v2\/types\/page"}],"author":[{"embeddable":true,"href":"https:\/\/www.iproyn.es\/en\/wp-json\/wp\/v2\/users\/5"}],"replies":[{"embeddable":true,"href":"https:\/\/www.iproyn.es\/en\/wp-json\/wp\/v2\/comments?post=814"}],"version-history":[{"count":1,"href":"https:\/\/www.iproyn.es\/en\/wp-json\/wp\/v2\/pages\/814\/revisions"}],"predecessor-version":[{"id":815,"href":"https:\/\/www.iproyn.es\/en\/wp-json\/wp\/v2\/pages\/814\/revisions\/815"}],"wp:attachment":[{"href":"https:\/\/www.iproyn.es\/en\/wp-json\/wp\/v2\/media?parent=814"}],"curies":[{"name":"wp","href":"https:\/\/api.w.org\/{rel}","templated":true}]}}